{"id":4747,"date":"2011-08-05T21:18:22","date_gmt":"2011-08-05T21:18:22","guid":{"rendered":"http:\/\/ecuriesricher.com\/en\/?page_id=4747"},"modified":"2017-09-11T17:21:30","modified_gmt":"2017-09-11T21:21:30","slug":"about-us","status":"publish","type":"page","link":"https:\/\/ecuriesricher.com\/en\/about-us\/","title":{"rendered":"Who are we?"},"content":{"rendered":"<h2 style=\"text-align: justify;\">Who are we?<\/h2>\n<p>A small-scale breeder.<\/p>\n<p>An agronomist by training with a great deal of knowledge about animal behaviour, diet and health. Equally, our breeding program complies with the Canadian Horse breed standards.<\/p>\n<p><strong>We strive to raise exceptional horses!<\/strong><\/p>\n<p>For us this means our colts and fillies are:<\/p>\n<ul>\n<li>Well socialized<\/li>\n<li>Exposed to a variety of environments<\/li>\n<li>Easy to handle<\/li>\n<li>Self-assured and gentle<\/li>\n<li>Keen to learn<\/li>\n<li>Proud yet respectful of their masters!<\/li>\n<\/ul>\n<p>&nbsp;<\/p>\n<p><a href=\"http:\/\/ici.radio-canada.ca\/tele\/la-semaine-verte\/2015-2016\/segments\/reportage\/3109\/cheval-canadien-jean-francois-michaud\" target=\"_blank\" rel=\"noopener\"><img loading=\"lazy\" decoding=\"async\" class=\"alignnone size-thumbnail wp-image-5461\" src=\"http:\/\/ecuriesricher.com\/wp-content\/uploads\/2011\/08\/\u00c9v\u00e9nement-Reportage-\u00e0-la-semaine-verte_2015-150x150.png\" alt=\"\" width=\"150\" height=\"150\" \/><\/a>\u00a0\u00a0\u00a0<a href=\"http:\/\/ici.radio-canada.ca\/tele\/la-semaine-verte\/2015-2016\/segments\/reportage\/3109\/cheval-canadien-jean-francois-michaud\" target=\"_blank\" rel=\"noopener\"><img loading=\"lazy\" decoding=\"async\" class=\"alignnone wp-image-5460\" src=\"http:\/\/ecuriesricher.com\/wp-content\/uploads\/2011\/08\/v\u00e9nement-Reportage-Lancement-du-Livre_2015-e1505163430214-300x213.png\" alt=\"\" width=\"213\" height=\"151\" \/><\/a><\/p>\n<p>&nbsp;<\/p>\n<p><strong>2012 to 2017:<\/strong> I worked on the board of the Quebec Horse Association, as a director at the beginning and then as secretary-treasurer. All the efforts I have invested have been for the cause of the Canadian horse. My work has always been stimulating, active and very rewarding.<\/p>\n<p><strong>2012:<\/strong> List all the AQCC newspapers since its foundation, digitize them and make them available on the AQCC website.<\/p>\n<p><strong>2012-2013:<\/strong> Drafting of a large part of the AQCC processor and assistance in organizing the Issue Table in 2013, with the MAPAQ, assuming, with another director of the Board, a major investigation (500 hours each) to describe the situation of the Canadian horse industry in Quebec and an update on the census of horses. This work resulted in the production of two leaflets which were distributed in more than 2,000 copies. (<a href=\"http:\/\/ecuriesricher.com\/wp-content\/uploads\/2017\/09\/feuillet-sur-le-portrait-du-cheval-Canadien.pdf\" target=\"_blank\" rel=\"noopener\">1<\/a> &#8211; <a href=\"http:\/\/ecuriesricher.com\/wp-content\/uploads\/2017\/09\/feuillet-sur-le-Recensement-2014-AQCC-LR.pdf\" target=\"_blank\" rel=\"noopener\">2<\/a>)<\/p>\n<p><strong>2014-2015 :\u00a0<\/strong>Contribution to the writing of two Guides, highlighting the differences between the Future of the breed and the agricultural exposures (covers of guides <a href=\"http:\/\/ecuriesricher.com\/wp-content\/uploads\/2017\/09\/Couverture-guide-sur-les-expositions-au-licou_-2014.pdf\" target=\"_blank\" rel=\"noopener\">1<\/a> &#8211; <a href=\"http:\/\/ecuriesricher.com\/wp-content\/uploads\/2017\/09\/Couverture-guide-Futurit\u00e9s-des-chwevaux-Canadien_2015.pdf\" target=\"_blank\" rel=\"noopener\">2<\/a>).<\/p>\n<p><strong>2013, 2014 et 2015 :\u00a0<\/strong>Writing with a co-author a book on the history of the Canadian horse, Histoire et Espoir, available at the AQCC and all the bookstores affiliated to \u00c9ditions du Septentrion (<a href=\"http:\/\/ecuriesricher.com\/wp-content\/uploads\/2017\/09\/couverture.jpg\" target=\"_blank\"  rel=\"lightbox[4747] noopener\">Cover of the book<\/a>) and link to get it.<\/p>\n<p><strong>2015<\/strong>:<\/p>\n<p>As part of the celebrations of the <a href=\"http:\/\/ecuriesricher.com\/wp-content\/uploads\/2017\/09\/Feuillet-des-activit\u00e9s-du-350e.pdf\" target=\"_blank\" rel=\"noopener\">350th anniversary<\/a> of the arrival of the first horses in New France:<\/p>\n<ul>\n<li>VIDEO CRAAQ: LIVING IN THE CAMPAIGN (<a href=\"http:\/\/www.laterre.ca\/actualites\/elevages\/le-cheval-canadien.php\" target=\"_blank\" rel=\"noopener\">link<\/a>). Distributed in the News \/ Livestock section of its site; Made by Danielle Jacques, agronomist; Subject: The history of the Canadian horse, its characteristics, the release of the book and the 350th anniversary.<\/li>\n<li>Jean Gu\u00e9nette and \u00c9laine Poirier, from the GASPA company, to produce and distribute the documentary series Des chevaux et les femmes on TVA5. Claude Richer is one of her six participants, her release is in the 3rd episode: <a href=\"https:\/\/vimeo.com\/139348362\" target=\"_blank\" rel=\"noopener\">Trailer<\/a>.<\/li>\n<li>Together with the QCC team and Maison Saint-Gabriel, the main partner, more than 25 activities were organized in all regions of Qu\u00e9bec, including the presence of the kiosk at several festivals, the presentation of a play theater on the history of the race at the Salon du cheval, the presence of the AQCC at the Quebec Derby, the very large participation of Canadian horses at the St-Tite parade, the Hiker&#8217;s Weekend with Qu\u00e9bec on horseback , the great Montreal Cavalcade with Maison Saint-Gabriel, a dozen conferences in the regions, open houses with the UPA; the marketing of a beer of the Canadian horse, etc &#8230;<\/li>\n<\/ul>\n<p>&nbsp;<\/p>\n<p><strong>2016<\/strong><\/p>\n<ul>\n<li>Organization of a draw offering more than 15 prizes valued over $ 3,000<\/li>\n<li>Assistance in the production of a catalog of horses for sale in Quebec. The 2017 Directory of Canadian Horse Breeders Agri-R\u00e9seau<\/li>\n<li>Conferences in Qu\u00e9bec on the history of the Canadian horse and updating of the book for a 2nd edition (<a href=\"http:\/\/ecuriesricher.com\/wp-content\/uploads\/2017\/09\/couverture-livre-Histoire-et-Espoir-version-r\u00e9vis\u00e9e.jpg\" target=\"_blank\"  rel=\"lightbox[4747] noopener\">Cover of the book<\/a>)<\/li>\n<li>Participation in the Salon du cheval (<a href=\"http:\/\/ecuriesricher.com\/wp-content\/uploads\/2017\/09\/Richer-X-Presso-Bordeaux-au-Salon-du-cheval-2016.jpg\" target=\"_blank\"  rel=\"lightbox[4747] noopener\">photo<\/a>)<\/li>\n<li>Organization of three clinics on the conformation of the Canadian horse and one on the presentation of horses at the halter<\/li>\n<li>Mounting of a Canadian Horse Interpretation Center at the Montreal Police Facility<\/li>\n<\/ul>\n<p>&nbsp;<\/p>\n<h3>Sold horses<\/h3>\n<ul>\n<li>Richer Victor Uther sold to the Montreal Police in 2016<\/li>\n<li>EZ Acres Astro Cassiop\u00e9e sold to Annie Bergeron, Warwick in 2017<\/li>\n<li>Richer X-Presso Boumerang sold to Jonathan Dowd, Sainte-M\u00e9lanie, in 2016<\/li>\n<li>Richer X-Presso Bordeaux sold to Nancy Beaupr\u00e9 of Mascouche, in 2016<\/li>\n<li>Richer Fidel&#8217;0 Battler sold to Washington States, USA in 2016<\/li>\n<li>EZ Acres Astro Alfa sold to Juie Dulac, New Hampshire, USA in 2017<\/li>\n<li>Richer X-Presso Caffeine sold to Monique Boucher of Chalk River, Ontario in 2015<\/li>\n<li>Richer Fidel&#8217;O Zodiack, sold in 2016<\/li>\n<\/ul>\n<p>&nbsp;<\/p>\n<div class=\"one_half\"><h3>Horse brood<\/h3>\n<ul>\n<li>Espoir Chopin Katie-Maggie<\/li>\n<li>Piercel Djem Khlo\u00e9e<\/li>\n<\/ul>\n<\/div><div class=\"one_half_last\"><h3>Reproduction Stallion<\/h3>\n<ul>\n<li>Richer Fidel\u2019O X-Presso<\/li>\n<\/ul>\n<p><a href=\"http:\/\/ecuriesricher.com\/wp-content\/uploads\/2017\/09\/Richer-FidelO-X-Presso-formation.jpg\" rel=\"lightbox[4747]\"><img loading=\"lazy\" decoding=\"async\" class=\"alignnone wp-image-5448\" src=\"http:\/\/ecuriesricher.com\/wp-content\/uploads\/2017\/09\/Richer-FidelO-X-Presso-formation-150x150.jpg\" alt=\"\" width=\"100\" height=\"100\" \/><\/a> <a href=\"http:\/\/ecuriesricher.com\/wp-content\/uploads\/2017\/09\/Richer-FidelO-X-Presso-Salon-du-cheval-\u00c9talon-pr\u00e9sent\u00e9_2015.jpg\" rel=\"lightbox[4747]\"><img loading=\"lazy\" decoding=\"async\" class=\"alignnone wp-image-5447\" src=\"http:\/\/ecuriesricher.com\/wp-content\/uploads\/2017\/09\/Richer-FidelO-X-Presso-Salon-du-cheval-\u00c9talon-pr\u00e9sent\u00e9_2015-150x150.jpg\" alt=\"\" width=\"100\" height=\"100\" \/><\/a> <a href=\"http:\/\/ecuriesricher.com\/wp-content\/uploads\/2017\/09\/Richer-FidelO-X-Presso-Salon-du-cheval-_2015.jpg\" rel=\"lightbox[4747]\"><img loading=\"lazy\" decoding=\"async\" class=\"alignnone wp-image-5446\" src=\"http:\/\/ecuriesricher.com\/wp-content\/uploads\/2017\/09\/Richer-FidelO-X-Presso-Salon-du-cheval-_2015-150x150.jpg\" alt=\"\" width=\"100\" height=\"100\" \/><\/a><\/p>\n<\/div><br class=\"clear\" \/><h3>Horses to come<\/h3>\n<p>Both mares are pregnant (MAGIE and KHLO\u00c9E). As of next spring, we will have the sister and brother of XPRESSO (my stallion) and one of his daughters or sons.<\/p>\n<p>&nbsp;<\/p>\n<h3>Documents<\/h3>\n<ul>\n<li>Cover of my book, <a href=\"http:\/\/ecuriesricher.com\/wp-content\/uploads\/2017\/09\/couverture-livre-Histoire-et-Espoir-version-r\u00e9vis\u00e9e-1.jpg\" target=\"_blank\"  rel=\"lightbox[4747] noopener\">2nd edition<\/a>.<br \/>\n(You can obtain this book by writing to contact@chevalcanadien.org)<\/li>\n<li>Coverage of the two guides written within the AQCC. (<a href=\"http:\/\/ecuriesricher.com\/wp-content\/uploads\/2017\/09\/Couverture-guide-Futurit\u00e9s-des-chwevaux-Canadien_2015.pdf\" target=\"_blank\" rel=\"noopener\">1<\/a> &#8211; <a href=\"http:\/\/ecuriesricher.com\/wp-content\/uploads\/2017\/09\/Couverture-guide-Futurit\u00e9s-des-chwevaux-Canadien_2015.pdf\" target=\"_blank\" rel=\"noopener\">2<\/a>)<br \/>\n(You can obtain this book by writing to contact@chevalcanadien.org)<\/li>\n<li><a href=\"http:\/\/ecuriesricher.com\/wp-content\/uploads\/2017\/09\/feuillet-sur-le-Recensement-2014-AQCC-LR.pdf\" target=\"_blank\" rel=\"noopener\">Canadian Horse Census Fact Sheet<\/a>.<br \/>\n(You can consult the full report on the website of the Association qu\u00e9b\u00e9coise du cheval Canadien)<\/li>\n<li><a href=\"http:\/\/ecuriesricher.com\/wp-content\/uploads\/2017\/09\/feuillet-sur-le-portrait-du-cheval-Canadien.pdf\" target=\"_blank\" rel=\"noopener\">Fact Sheet on the Portrait of the Canadian Horses Industry<\/a>.<br \/>\n(You can consult the full report on the website of the Association qu\u00e9b\u00e9coise du cheval Canadien)<\/li>\n<\/ul>\n<p>&nbsp;<\/p>\n","protected":false},"excerpt":{"rendered":"<p>Who are we?<br \/>\nA small-scale breeder.<br \/>\nAn agronomist by training with a great deal of knowledge about animal behaviour, diet and health. Equally, our breeding program complies with the Canadian Horse breed standards.<br \/>\nWe strive to raise exceptional horses!<br \/>\nFor us this means our colts and fillies are:<\/p>\n<p>Well socialized<br \/>\nExposed to a variety of environments<br \/>\nEasy to handle<br \/>\nSelf-assured and gentle<br \/>\nKeen to learn<br \/>\nProud yet respectful of their masters!<\/p>\n<p>&nbsp;<br \/>\n\u00a0\u00a0\u00a0<br \/>\n&nbsp;<br \/>\n2012 to 2017: I &#8230;<\/p>\n","protected":false},"author":2,"featured_media":0,"parent":0,"menu_order":2,"comment_status":"closed","ping_status":"closed","template":"template_leftsidebar_horizontalnav.php","meta":{"footnotes":""},"_links":{"self":[{"href":"https:\/\/ecuriesricher.com\/en\/wp-json\/wp\/v2\/pages\/4747"}],"collection":[{"href":"https:\/\/ecuriesricher.com\/en\/wp-json\/wp\/v2\/pages"}],"about":[{"href":"https:\/\/ecuriesricher.com\/en\/wp-json\/wp\/v2\/types\/page"}],"author":[{"embeddable":true,"href":"https:\/\/ecuriesricher.com\/en\/wp-json\/wp\/v2\/users\/2"}],"replies":[{"embeddable":true,"href":"https:\/\/ecuriesricher.com\/en\/wp-json\/wp\/v2\/comments?post=4747"}],"version-history":[{"count":18,"href":"https:\/\/ecuriesricher.com\/en\/wp-json\/wp\/v2\/pages\/4747\/revisions"}],"predecessor-version":[{"id":5348,"href":"https:\/\/ecuriesricher.com\/en\/wp-json\/wp\/v2\/pages\/4747\/revisions\/5348"}],"wp:attachment":[{"href":"https:\/\/ecuriesricher.com\/en\/wp-json\/wp\/v2\/media?parent=4747"}],"curies":[{"name":"wp","href":"https:\/\/api.w.org\/{rel}","templated":true}]}}